{"id":63,"date":"2019-09-18T12:32:06","date_gmt":"2019-09-18T10:32:06","guid":{"rendered":"http:\/\/trawipol-az.com.pl\/?page_id=63"},"modified":"2019-09-18T12:32:06","modified_gmt":"2019-09-18T10:32:06","slug":"o-firmie","status":"publish","type":"page","link":"http:\/\/trawipol-az.pl\/index.php\/o-firmie\/","title":{"rendered":"O Firmie"},"content":{"rendered":"\n<p>\u00a0Jeste\u015bmy nowoczesn\u0105 i dynamicznie rozwijaj\u0105c\u0105 si\u0119 Sp\u00f3\u0142k\u0105. W pracy stawiamy na indywidualne podej\u015bcie do ka\u017cdego Klienta, a dzi\u0119ki naszej elastyczno\u015bci i zaanga\u017cowaniu jeste\u015bmy w stanie zrealizowa\u0107 ka\u017cde zlecenie. Naszym kluczem do sukcesu jest skuteczno\u015b\u0107 i szybko\u015b\u0107 dzia\u0142ania. Dzia\u0142alno\u015b\u0107 firmy opiera si\u0119 na wzajemnie uzupe\u0142niaj\u0105cych si\u0119 dzia\u0142ach: obs\u0142uga techniczna stadionu i zarz\u0105dzanie bezpiecze\u0144stwem, us\u0142ugi gospodarcze, ochrona os\u00f3b i mienia, us\u0142ugi szkoleniowe oraz outsourcing. Ka\u017cdego dnia staramy si\u0119 sprosta\u0107 wymaganiom naszych Klient\u00f3w i wyzwaniom jakie niesie za sob\u0105 wsp\u00f3\u0142praca. Nasze us\u0142ugi realizujemy z niezwyk\u0142\u0105 staranno\u015bci\u0105 i zaanga\u017cowaniem, stale podwy\u017cszaj\u0105c zakres i jako\u015b\u0107 naszych us\u0142ug. Nasze mocne strony to przede wszystkim: <\/p>\n\n\n\n<ul class=\"wp-block-list\"><li>Doskona\u0142a znajomo\u015b\u0107 rynku<\/li><li>Zaanga\u017cowanie<\/li><li>Do\u015bwiadczenie<\/li><li>Elastyczno\u015b\u0107<\/li><li>Wysoki standard<\/li><li>Profesjonalizm<\/li><\/ul>\n","protected":false},"excerpt":{"rendered":"<p>\u00a0Jeste\u015bmy nowoczesn\u0105 i dynamicznie rozwijaj\u0105c\u0105 si\u0119 Sp\u00f3\u0142k\u0105. W pracy stawiamy na indywidualne podej\u015bcie do ka\u017cdego Klienta, a dzi\u0119ki naszej elastyczno\u015bci i zaanga\u017cowaniu jeste\u015bmy w stanie zrealizowa\u0107 ka\u017cde zlecenie. Naszym kluczem do sukcesu jest skuteczno\u015b\u0107 i szybko\u015b\u0107 dzia\u0142ania. Dzia\u0142alno\u015b\u0107 firmy opiera si\u0119 na wzajemnie uzupe\u0142niaj\u0105cych si\u0119 dzia\u0142ach: obs\u0142uga techniczna stadionu i zarz\u0105dzanie bezpiecze\u0144stwem, us\u0142ugi gospodarcze, ochrona [&hellip;]<\/p>\n","protected":false},"author":1,"featured_media":64,"parent":0,"menu_order":0,"comment_status":"closed","ping_status":"closed","template":"","meta":{"footnotes":""},"class_list":["post-63","page","type-page","status-publish","has-post-thumbnail","hentry"],"_links":{"self":[{"href":"http:\/\/trawipol-az.pl\/index.php\/wp-json\/wp\/v2\/pages\/63"}],"collection":[{"href":"http:\/\/trawipol-az.pl\/index.php\/wp-json\/wp\/v2\/pages"}],"about":[{"href":"http:\/\/trawipol-az.pl\/index.php\/wp-json\/wp\/v2\/types\/page"}],"author":[{"embeddable":true,"href":"http:\/\/trawipol-az.pl\/index.php\/wp-json\/wp\/v2\/users\/1"}],"replies":[{"embeddable":true,"href":"http:\/\/trawipol-az.pl\/index.php\/wp-json\/wp\/v2\/comments?post=63"}],"version-history":[{"count":1,"href":"http:\/\/trawipol-az.pl\/index.php\/wp-json\/wp\/v2\/pages\/63\/revisions"}],"predecessor-version":[{"id":65,"href":"http:\/\/trawipol-az.pl\/index.php\/wp-json\/wp\/v2\/pages\/63\/revisions\/65"}],"wp:featuredmedia":[{"embeddable":true,"href":"http:\/\/trawipol-az.pl\/index.php\/wp-json\/wp\/v2\/media\/64"}],"wp:attachment":[{"href":"http:\/\/trawipol-az.pl\/index.php\/wp-json\/wp\/v2\/media?parent=63"}],"curies":[{"name":"wp","href":"https:\/\/api.w.org\/{rel}","templated":true}]}}